{"id":10,"date":"2020-03-22T18:25:09","date_gmt":"2020-03-22T17:25:09","guid":{"rendered":"http:\/\/mcproprete.com\/?page_id=10"},"modified":"2020-03-27T20:50:35","modified_gmt":"2020-03-27T19:50:35","slug":"contact","status":"publish","type":"page","link":"https:\/\/mcproprete.com\/index.php\/contact\/","title":{"rendered":"Demandez votre devis"},"content":{"rendered":"<div class=\"wpforms-container wpforms-container-full\" id=\"wpforms-50\"><form id=\"wpforms-form-50\" class=\"wpforms-validate wpforms-form\" data-formid=\"50\" method=\"post\" enctype=\"multipart\/form-data\" action=\"\/index.php\/wp-json\/wp\/v2\/pages\/10\" data-token=\"a38be7656b8860ba242b5d1840b50c02\"><noscript class=\"wpforms-error-noscript\">Veuillez activer JavaScript dans votre navigateur pour remplir ce formulaire.<\/noscript><div class=\"wpforms-field-container\"><div id=\"wpforms-50-field_0-container\" class=\"wpforms-field wpforms-field-name wpforms-one-half wpforms-first\" data-field-id=\"0\"><label class=\"wpforms-field-label wpforms-label-hide\" for=\"wpforms-50-field_0\">Nom <span class=\"wpforms-required-label\">*<\/span><\/label><input type=\"text\" id=\"wpforms-50-field_0\" class=\"wpforms-field-large wpforms-field-required\" name=\"wpforms[fields][0]\" placeholder=\"Votre Nom\" required><\/div><div id=\"wpforms-50-field_3-container\" class=\"wpforms-field wpforms-field-email wpforms-one-half\" data-field-id=\"3\"><label class=\"wpforms-field-label wpforms-label-hide\" for=\"wpforms-50-field_3\">Email <span class=\"wpforms-required-label\">*<\/span><\/label><input type=\"email\" id=\"wpforms-50-field_3\" class=\"wpforms-field-large wpforms-field-required\" name=\"wpforms[fields][3]\" placeholder=\"Votre Email\" required><\/div><div id=\"wpforms-50-field_5-container\" class=\"wpforms-field wpforms-field-text\" data-field-id=\"5\"><label class=\"wpforms-field-label wpforms-label-hide\" for=\"wpforms-50-field_5\">T\u00e9l\u00e9phone<\/label><input type=\"text\" id=\"wpforms-50-field_5\" class=\"wpforms-field-medium\" name=\"wpforms[fields][5]\" placeholder=\"Num\u00e9ro de t\u00e9l\u00e9phone\" ><\/div><div id=\"wpforms-50-field_7-container\" class=\"wpforms-field wpforms-field-text\" data-field-id=\"7\"><label class=\"wpforms-field-label wpforms-label-hide\" for=\"wpforms-50-field_7\">Commune d&#039;intervention <span class=\"wpforms-required-label\">*<\/span><\/label><input type=\"text\" id=\"wpforms-50-field_7\" class=\"wpforms-field-medium wpforms-field-required\" name=\"wpforms[fields][7]\" placeholder=\"Commune d&#039;intervention\" required><\/div><div id=\"wpforms-50-field_4-container\" class=\"wpforms-field wpforms-field-text\" data-field-id=\"4\"><label class=\"wpforms-field-label wpforms-label-hide\" for=\"wpforms-50-field_4\">Prestation <span class=\"wpforms-required-label\">*<\/span><\/label><input type=\"text\" id=\"wpforms-50-field_4\" class=\"wpforms-field-large wpforms-field-required\" name=\"wpforms[fields][4]\" placeholder=\"Prestation demand\u00e9e\" required><\/div><div id=\"wpforms-50-field_2-container\" class=\"wpforms-field wpforms-field-textarea\" data-field-id=\"2\"><label class=\"wpforms-field-label wpforms-label-hide\" for=\"wpforms-50-field_2\">Message <span class=\"wpforms-required-label\">*<\/span><\/label><textarea id=\"wpforms-50-field_2\" class=\"wpforms-field-medium wpforms-field-required\" name=\"wpforms[fields][2]\" placeholder=\"Votre message\" required><\/textarea><\/div><\/div><div class=\"wpforms-field wpforms-field-hp\"><label for=\"wpforms-50-field-hp\" class=\"wpforms-field-label\">Message<\/label><input type=\"text\" name=\"wpforms[hp]\" id=\"wpforms-50-field-hp\" class=\"wpforms-field-medium\"><\/div><div class=\"wpforms-submit-container\"><input type=\"hidden\" name=\"wpforms[id]\" value=\"50\"><input type=\"hidden\" name=\"wpforms[author]\" value=\"1\"><button type=\"submit\" name=\"wpforms[submit]\" id=\"wpforms-submit-50\" class=\"wpforms-submit\" data-alt-text=\"En cours d&#039;envoi...\" data-submit-text=\"Demandez votre devis\" aria-live=\"assertive\" value=\"wpforms-submit\">Demandez votre devis<\/button><\/div><\/form><\/div>  <!-- .wpforms-container -->","protected":false},"excerpt":{"rendered":"","protected":false},"author":1,"featured_media":102,"parent":0,"menu_order":0,"comment_status":"closed","ping_status":"closed","template":"","meta":[],"yoast_head":"<!-- This site is optimized with the Yoast SEO plugin v18.1 - https:\/\/yoast.com\/wordpress\/plugins\/seo\/ -->\n<title>Demandez votre devis - ENTREPRISE DE NETTOYAGE QUIMPER<\/title>\n<meta name=\"robots\" content=\"index, follow, max-snippet:-1, max-image-preview:large, max-video-preview:-1\" \/>\n<link rel=\"canonical\" href=\"http:\/\/mcproprete.com\/index.php\/contact\/\" \/>\n<meta property=\"og:locale\" content=\"fr_FR\" \/>\n<meta property=\"og:type\" content=\"article\" \/>\n<meta property=\"og:title\" content=\"Demandez votre devis - ENTREPRISE DE NETTOYAGE QUIMPER\" \/>\n<meta property=\"og:url\" content=\"http:\/\/mcproprete.com\/index.php\/contact\/\" \/>\n<meta property=\"og:site_name\" content=\"ENTREPRISE DE NETTOYAGE QUIMPER\" \/>\n<meta property=\"article:modified_time\" content=\"2020-03-27T19:50:35+00:00\" \/>\n<meta property=\"og:image\" content=\"http:\/\/mcproprete.com\/wp-content\/uploads\/2020\/03\/fin-de-chantier.jpg\" \/>\n\t<meta property=\"og:image:width\" content=\"1617\" \/>\n\t<meta property=\"og:image:height\" content=\"1080\" \/>\n\t<meta property=\"og:image:type\" content=\"image\/jpeg\" \/>\n<meta name=\"twitter:card\" content=\"summary_large_image\" \/>\n<script type=\"application\/ld+json\" class=\"yoast-schema-graph\">{\"@context\":\"https:\/\/schema.org\",\"@graph\":[{\"@type\":\"Organization\",\"@id\":\"http:\/\/mcproprete.com\/#organization\",\"name\":\"MC Propret\u00e9\",\"url\":\"http:\/\/mcproprete.com\/\",\"sameAs\":[],\"logo\":{\"@type\":\"ImageObject\",\"@id\":\"http:\/\/mcproprete.com\/#logo\",\"inLanguage\":\"fr-FR\",\"url\":\"http:\/\/mcproprete.com\/wp-content\/uploads\/2020\/03\/Logo-MC-Proprete-V1-112-75-scaled-e1584903000674.jpg\",\"contentUrl\":\"http:\/\/mcproprete.com\/wp-content\/uploads\/2020\/03\/Logo-MC-Proprete-V1-112-75-scaled-e1584903000674.jpg\",\"width\":1300,\"height\":607,\"caption\":\"MC Propret\u00e9\"},\"image\":{\"@id\":\"http:\/\/mcproprete.com\/#logo\"}},{\"@type\":\"WebSite\",\"@id\":\"http:\/\/mcproprete.com\/#website\",\"url\":\"http:\/\/mcproprete.com\/\",\"name\":\"ENTREPRISE DE NETTOYAGE QUIMPER\",\"description\":\"MC Propret\u00e9 votre sp\u00e9cialiste nettoyage sur Quimper\",\"publisher\":{\"@id\":\"http:\/\/mcproprete.com\/#organization\"},\"potentialAction\":[{\"@type\":\"SearchAction\",\"target\":{\"@type\":\"EntryPoint\",\"urlTemplate\":\"http:\/\/mcproprete.com\/?s={search_term_string}\"},\"query-input\":\"required name=search_term_string\"}],\"inLanguage\":\"fr-FR\"},{\"@type\":\"ImageObject\",\"@id\":\"http:\/\/mcproprete.com\/index.php\/contact\/#primaryimage\",\"inLanguage\":\"fr-FR\",\"url\":\"https:\/\/mcproprete.com\/wp-content\/uploads\/2020\/03\/fin-de-chantier.jpg\",\"contentUrl\":\"https:\/\/mcproprete.com\/wp-content\/uploads\/2020\/03\/fin-de-chantier.jpg\",\"width\":1617,\"height\":1080},{\"@type\":\"WebPage\",\"@id\":\"http:\/\/mcproprete.com\/index.php\/contact\/#webpage\",\"url\":\"http:\/\/mcproprete.com\/index.php\/contact\/\",\"name\":\"Demandez votre devis - ENTREPRISE DE NETTOYAGE QUIMPER\",\"isPartOf\":{\"@id\":\"http:\/\/mcproprete.com\/#website\"},\"primaryImageOfPage\":{\"@id\":\"http:\/\/mcproprete.com\/index.php\/contact\/#primaryimage\"},\"datePublished\":\"2020-03-22T17:25:09+00:00\",\"dateModified\":\"2020-03-27T19:50:35+00:00\",\"breadcrumb\":{\"@id\":\"http:\/\/mcproprete.com\/index.php\/contact\/#breadcrumb\"},\"inLanguage\":\"fr-FR\",\"potentialAction\":[{\"@type\":\"ReadAction\",\"target\":[\"http:\/\/mcproprete.com\/index.php\/contact\/\"]}]},{\"@type\":\"BreadcrumbList\",\"@id\":\"http:\/\/mcproprete.com\/index.php\/contact\/#breadcrumb\",\"itemListElement\":[{\"@type\":\"ListItem\",\"position\":1,\"name\":\"Accueil\",\"item\":\"http:\/\/mcproprete.com\/\"},{\"@type\":\"ListItem\",\"position\":2,\"name\":\"Demandez votre devis\"}]}]}<\/script>\n<!-- \/ Yoast SEO plugin. -->","yoast_head_json":{"title":"Demandez votre devis - ENTREPRISE DE NETTOYAGE QUIMPER","robots":{"index":"index","follow":"follow","max-snippet":"max-snippet:-1","max-image-preview":"max-image-preview:large","max-video-preview":"max-video-preview:-1"},"canonical":"http:\/\/mcproprete.com\/index.php\/contact\/","og_locale":"fr_FR","og_type":"article","og_title":"Demandez votre devis - ENTREPRISE DE NETTOYAGE QUIMPER","og_url":"http:\/\/mcproprete.com\/index.php\/contact\/","og_site_name":"ENTREPRISE DE NETTOYAGE QUIMPER","article_modified_time":"2020-03-27T19:50:35+00:00","og_image":[{"width":1617,"height":1080,"url":"http:\/\/mcproprete.com\/wp-content\/uploads\/2020\/03\/fin-de-chantier.jpg","type":"image\/jpeg"}],"twitter_card":"summary_large_image","schema":{"@context":"https:\/\/schema.org","@graph":[{"@type":"Organization","@id":"http:\/\/mcproprete.com\/#organization","name":"MC Propret\u00e9","url":"http:\/\/mcproprete.com\/","sameAs":[],"logo":{"@type":"ImageObject","@id":"http:\/\/mcproprete.com\/#logo","inLanguage":"fr-FR","url":"http:\/\/mcproprete.com\/wp-content\/uploads\/2020\/03\/Logo-MC-Proprete-V1-112-75-scaled-e1584903000674.jpg","contentUrl":"http:\/\/mcproprete.com\/wp-content\/uploads\/2020\/03\/Logo-MC-Proprete-V1-112-75-scaled-e1584903000674.jpg","width":1300,"height":607,"caption":"MC Propret\u00e9"},"image":{"@id":"http:\/\/mcproprete.com\/#logo"}},{"@type":"WebSite","@id":"http:\/\/mcproprete.com\/#website","url":"http:\/\/mcproprete.com\/","name":"ENTREPRISE DE NETTOYAGE QUIMPER","description":"MC Propret\u00e9 votre sp\u00e9cialiste nettoyage sur Quimper","publisher":{"@id":"http:\/\/mcproprete.com\/#organization"},"potentialAction":[{"@type":"SearchAction","target":{"@type":"EntryPoint","urlTemplate":"http:\/\/mcproprete.com\/?s={search_term_string}"},"query-input":"required name=search_term_string"}],"inLanguage":"fr-FR"},{"@type":"ImageObject","@id":"http:\/\/mcproprete.com\/index.php\/contact\/#primaryimage","inLanguage":"fr-FR","url":"https:\/\/mcproprete.com\/wp-content\/uploads\/2020\/03\/fin-de-chantier.jpg","contentUrl":"https:\/\/mcproprete.com\/wp-content\/uploads\/2020\/03\/fin-de-chantier.jpg","width":1617,"height":1080},{"@type":"WebPage","@id":"http:\/\/mcproprete.com\/index.php\/contact\/#webpage","url":"http:\/\/mcproprete.com\/index.php\/contact\/","name":"Demandez votre devis - ENTREPRISE DE NETTOYAGE QUIMPER","isPartOf":{"@id":"http:\/\/mcproprete.com\/#website"},"primaryImageOfPage":{"@id":"http:\/\/mcproprete.com\/index.php\/contact\/#primaryimage"},"datePublished":"2020-03-22T17:25:09+00:00","dateModified":"2020-03-27T19:50:35+00:00","breadcrumb":{"@id":"http:\/\/mcproprete.com\/index.php\/contact\/#breadcrumb"},"inLanguage":"fr-FR","potentialAction":[{"@type":"ReadAction","target":["http:\/\/mcproprete.com\/index.php\/contact\/"]}]},{"@type":"BreadcrumbList","@id":"http:\/\/mcproprete.com\/index.php\/contact\/#breadcrumb","itemListElement":[{"@type":"ListItem","position":1,"name":"Accueil","item":"http:\/\/mcproprete.com\/"},{"@type":"ListItem","position":2,"name":"Demandez votre devis"}]}]}},"_links":{"self":[{"href":"https:\/\/mcproprete.com\/index.php\/wp-json\/wp\/v2\/pages\/10"}],"collection":[{"href":"https:\/\/mcproprete.com\/index.php\/wp-json\/wp\/v2\/pages"}],"about":[{"href":"https:\/\/mcproprete.com\/index.php\/wp-json\/wp\/v2\/types\/page"}],"author":[{"embeddable":true,"href":"https:\/\/mcproprete.com\/index.php\/wp-json\/wp\/v2\/users\/1"}],"replies":[{"embeddable":true,"href":"https:\/\/mcproprete.com\/index.php\/wp-json\/wp\/v2\/comments?post=10"}],"version-history":[{"count":3,"href":"https:\/\/mcproprete.com\/index.php\/wp-json\/wp\/v2\/pages\/10\/revisions"}],"predecessor-version":[{"id":135,"href":"https:\/\/mcproprete.com\/index.php\/wp-json\/wp\/v2\/pages\/10\/revisions\/135"}],"wp:featuredmedia":[{"embeddable":true,"href":"https:\/\/mcproprete.com\/index.php\/wp-json\/wp\/v2\/media\/102"}],"wp:attachment":[{"href":"https:\/\/mcproprete.com\/index.php\/wp-json\/wp\/v2\/media?parent=10"}],"curies":[{"name":"wp","href":"https:\/\/api.w.org\/{rel}","templated":true}]}}